{"id":9334,"date":"2021-04-15T11:10:09","date_gmt":"2021-04-15T11:10:09","guid":{"rendered":"https:\/\/oliverlozano.com\/?page_id=9334"},"modified":"2026-04-14T13:59:27","modified_gmt":"2026-04-14T13:59:27","slug":"erstgespraech-vereinbaren","status":"publish","type":"page","link":"https:\/\/oliverlozano.com\/de\/erstgespraech-vereinbaren\/","title":{"rendered":"Erstgespr\u00e4ch vereinbaren"},"content":{"rendered":"[vc_row type=&#8220;in_container&#8220; full_screen_row_position=&#8220;middle&#8220; column_margin=&#8220;default&#8220; column_direction=&#8220;default&#8220; column_direction_tablet=&#8220;default&#8220; column_direction_phone=&#8220;default&#8220; scene_position=&#8220;center&#8220; top_padding=&#8220;13%&#8220; text_color=&#8220;dark&#8220; text_align=&#8220;left&#8220; row_border_radius=&#8220;none&#8220; row_border_radius_applies=&#8220;bg&#8220; overflow=&#8220;visible&#8220; overlay_strength=&#8220;0.3&#8243; gradient_direction=&#8220;left_to_right&#8220; shape_divider_position=&#8220;bottom&#8220; bg_image_animation=&#8220;none&#8220; shape_type=&#8220;&#8220; gradient_type=&#8220;default&#8220;][vc_column column_padding=&#8220;no-extra-padding&#8220; column_padding_tablet=&#8220;inherit&#8220; column_padding_phone=&#8220;inherit&#8220; column_padding_position=&#8220;all&#8220; column_element_direction_desktop=&#8220;default&#8220; column_element_spacing=&#8220;default&#8220; centered_text=&#8220;true&#8220; desktop_text_alignment=&#8220;default&#8220; tablet_text_alignment=&#8220;default&#8220; phone_text_alignment=&#8220;default&#8220; background_color_opacity=&#8220;1&#8243; background_hover_color_opacity=&#8220;1&#8243; column_backdrop_filter=&#8220;none&#8220; column_shadow=&#8220;none&#8220; column_border_radius=&#8220;none&#8220; column_link_target=&#8220;_self&#8220; column_position=&#8220;default&#8220; gradient_direction=&#8220;left_to_right&#8220; overlay_strength=&#8220;0.3&#8243; width=&#8220;1\/1&#8243; tablet_width_inherit=&#8220;default&#8220; animation_type=&#8220;default&#8220; bg_image_animation=&#8220;none&#8220; border_type=&#8220;simple&#8220; column_border_width=&#8220;none&#8220; column_border_style=&#8220;solid&#8220;][vc_column_text css_animation=&#8220;fadeInUp&#8220;]\n<h1>Erstgespr\u00e4ch vereinbaren<\/h1>\n[\/vc_column_text][divider line_type=&#8220;Small Line&#8220; line_alignment=&#8220;center&#8220; line_thickness=&#8220;5&#8243; divider_color=&#8220;extra-color-1&#8243; animate=&#8220;yes&#8220; custom_height=&#8220;10%&#8220; custom_line_width=&#8220;50&#8243;][nectar_btn size=&#8220;large&#8220; open_new_tab=&#8220;true&#8220; button_style=&#8220;regular&#8220; button_color_2=&#8220;Accent-Color&#8220; icon_family=&#8220;none&#8220; url=&#8220;https:\/\/tidycal.com\/m5novnm&#8220; text=&#8220;Termin direkt buchen&#8220; css_animation=&#8220;fadeInUp&#8220;][\/vc_column][\/vc_row][vc_row type=&#8220;in_container&#8220; full_screen_row_position=&#8220;middle&#8220; column_margin=&#8220;default&#8220; column_direction=&#8220;default&#8220; column_direction_tablet=&#8220;default&#8220; column_direction_phone=&#8220;default&#8220; scene_position=&#8220;center&#8220; bottom_padding=&#8220;5%&#8220; text_color=&#8220;dark&#8220; text_align=&#8220;left&#8220; row_border_radius=&#8220;none&#8220; row_border_radius_applies=&#8220;bg&#8220; overflow=&#8220;visible&#8220; advanced_gradient_angle=&#8220;0&#8243; overlay_strength=&#8220;0.3&#8243; gradient_direction=&#8220;left_to_right&#8220; shape_divider_position=&#8220;bottom&#8220; bg_image_animation=&#8220;none&#8220; shape_type=&#8220;&#8220; gradient_type=&#8220;default&#8220;][vc_column column_padding=&#8220;no-extra-padding&#8220; column_padding_tablet=&#8220;inherit&#8220; column_padding_phone=&#8220;inherit&#8220; column_padding_position=&#8220;all&#8220; column_element_direction_desktop=&#8220;default&#8220; column_element_spacing=&#8220;default&#8220; desktop_text_alignment=&#8220;default&#8220; tablet_text_alignment=&#8220;default&#8220; phone_text_alignment=&#8220;default&#8220; background_color_opacity=&#8220;1&#8243; background_hover_color_opacity=&#8220;1&#8243; column_backdrop_filter=&#8220;none&#8220; column_shadow=&#8220;none&#8220; column_border_radius=&#8220;none&#8220; column_link_target=&#8220;_self&#8220; column_position=&#8220;default&#8220; gradient_direction=&#8220;left_to_right&#8220; overlay_strength=&#8220;0.3&#8243; width=&#8220;1\/1&#8243; tablet_width_inherit=&#8220;default&#8220; animation_type=&#8220;default&#8220; bg_image_animation=&#8220;none&#8220; border_type=&#8220;simple&#8220; column_border_width=&#8220;none&#8220; column_border_style=&#8220;solid&#8220;][vc_row_inner column_margin=&#8220;50px&#8220; column_direction=&#8220;default&#8220; column_direction_tablet=&#8220;default&#8220; column_direction_phone=&#8220;default&#8220; bottom_padding=&#8220;5%&#8220; text_align=&#8220;left&#8220; row_position=&#8220;default&#8220; row_position_tablet=&#8220;inherit&#8220; row_position_phone=&#8220;inherit&#8220; overflow=&#8220;visible&#8220; pointer_events=&#8220;all&#8220;][vc_column_inner column_padding=&#8220;padding-3-percent&#8220; column_padding_tablet=&#8220;inherit&#8220; column_padding_phone=&#8220;inherit&#8220; column_padding_position=&#8220;right&#8220; column_element_direction_desktop=&#8220;default&#8220; column_element_spacing=&#8220;default&#8220; desktop_text_alignment=&#8220;default&#8220; tablet_text_alignment=&#8220;default&#8220; phone_text_alignment=&#8220;default&#8220; background_color_opacity=&#8220;1&#8243; background_hover_color_opacity=&#8220;1&#8243; column_backdrop_filter=&#8220;none&#8220; column_shadow=&#8220;none&#8220; column_border_radius=&#8220;none&#8220; column_link_target=&#8220;_self&#8220; overflow=&#8220;visible&#8220; advanced_gradient_angle=&#8220;0&#8243; gradient_direction=&#8220;left_to_right&#8220; overlay_strength=&#8220;0.3&#8243; width=&#8220;2\/3&#8243; tablet_width_inherit=&#8220;default&#8220; animation_type=&#8220;default&#8220; bg_image_animation=&#8220;none&#8220; border_type=&#8220;simple&#8220; column_border_width=&#8220;none&#8220; column_border_style=&#8220;solid&#8220; gradient_type=&#8220;default&#8220;][vc_column_text]\n<h2>&#8222;Ich bin nicht fotogen&#8220;<br \/>\n&#8222;Ich muss erst abnehmen&#8220;<br \/>\n&#8222;Ich f\u00fchle mich unsicher vor der Kamera&#8220;<\/h2>\n<p>Das h\u00f6re ich so oft und jedesmal haben sich meine Modelle danach geliebt.<\/p>\n<p>Es gibt keine gr\u00f6\u00dfere Ehre, als wenn Du mir vertraust, Deine Familienerbst\u00fccke zu erstellen oder Deine pers\u00f6nlichen Branding-Fotos f\u00fcr deine Karriere und Mission zu machen oder Dich f\u00fcr einen Tag f\u00fcr deine Erotica oder Glamour-Style-Portr\u00e4ts in ein Model zu verwandeln um Kunstwerke zu erschaffen.[\/vc_column_text][divider line_type=&#8220;No Line&#8220; custom_height=&#8220;25&#8243;]<div class=\"nectar-fancy-ul\" data-list-icon=\"fa fa-check\" data-animation=\"true\" data-animation-delay=\"0\" data-color=\"extra-color-1\" data-spacing=\"5px\" data-alignment=\"left\"> \n<ul>\n<li>Ich m\u00f6chte Fotos von dir und deiner Mutter, Tochter oder Schwester, Vater, Sohn und Bruder deiner besten Freundin, deinem Schatz, der ganzen Familie oder einfach Dir selbst machen.<\/li>\n<li>Ich m\u00f6chte dass Du aus Dir herausgehst, neues ausprobierst und eine echte Transformation erlebst. WER M\u00d6CHTEST DU SEIN?<\/li>\n<li>Ich m\u00f6chte, dass Du dir Deine Fotos ansiehst und sagst: \u201eWOW, das bin ICH! Ich sehe so sch\u00f6n aus!\u201c<\/li>\n<li>Ich bin jeden Tag dankbar, dass ich das f\u00fcr Menschen tun darf. Meine Fotoshootings sind entspannt, aufbauend und lustig- Versprochen!<\/li>\n<li>Und es wird eine Erfahrung werden, ein Tag in deinem Leben, die Du nie vergessen wirst.<\/li>\n<\/ul>\n <\/div>[vc_column_text]Wir k\u00fcmmern uns um Deine Haare, Dein Make-up und helfen Dir bei der Entscheidung, was Du anziehen m\u00f6chten, basierend auf deinem pers\u00f6nlichen Stil, oder Du probierst mal etwas ganz neues aus. Daf\u00fcr kommst Du ja zu mir.<br \/>\nAm Ende wirst Du die sch\u00f6nsten Fotos haben, die Du je von Dir gesehen hast. Und unter uns: gro\u00dfartige Bilder von Dir sind mit die sch\u00f6nsten Geschenke die Du jemandem machen kannst, genauso wie einen Shoot bei mir zu verschenken. Ein Erlebnis das du ein Leben lang nicht vergessen wirst.[\/vc_column_text][\/vc_column_inner][vc_column_inner column_padding=&#8220;no-extra-padding&#8220; column_padding_tablet=&#8220;inherit&#8220; column_padding_phone=&#8220;inherit&#8220; column_padding_position=&#8220;all&#8220; column_element_direction_desktop=&#8220;default&#8220; column_element_spacing=&#8220;default&#8220; desktop_text_alignment=&#8220;default&#8220; tablet_text_alignment=&#8220;default&#8220; phone_text_alignment=&#8220;default&#8220; background_color_opacity=&#8220;1&#8243; background_hover_color_opacity=&#8220;1&#8243; column_backdrop_filter=&#8220;none&#8220; column_shadow=&#8220;none&#8220; column_border_radius=&#8220;none&#8220; column_link_target=&#8220;_self&#8220; overflow=&#8220;visible&#8220; gradient_direction=&#8220;left_to_right&#8220; overlay_strength=&#8220;0.3&#8243; width=&#8220;1\/3&#8243; tablet_width_inherit=&#8220;default&#8220; animation_type=&#8220;default&#8220; bg_image_animation=&#8220;none&#8220; border_type=&#8220;simple&#8220; column_border_width=&#8220;none&#8220; column_border_style=&#8220;solid&#8220;][image_with_animation image_url=&#8220;10313&#8243; image_size=&#8220;full&#8220; animation_type=&#8220;entrance&#8220; animation=&#8220;Fade In From Bottom&#8220; animation_easing=&#8220;default&#8220; animation_movement_type=&#8220;transform_y&#8220; hover_animation=&#8220;none&#8220; alignment=&#8220;&#8220; border_radius=&#8220;none&#8220; box_shadow=&#8220;none&#8220; image_loading=&#8220;default&#8220; max_width=&#8220;100%&#8220; max_width_mobile=&#8220;default&#8220;][\/vc_column_inner][\/vc_row_inner][vc_row_inner column_margin=&#8220;50px&#8220; column_direction=&#8220;default&#8220; column_direction_tablet=&#8220;default&#8220; column_direction_phone=&#8220;default&#8220; bottom_padding=&#8220;5%&#8220; text_align=&#8220;left&#8220; row_position=&#8220;default&#8220; row_position_tablet=&#8220;inherit&#8220; row_position_phone=&#8220;inherit&#8220; overflow=&#8220;visible&#8220; pointer_events=&#8220;all&#8220;][vc_column_inner column_padding=&#8220;padding-3-percent&#8220; column_padding_tablet=&#8220;inherit&#8220; column_padding_phone=&#8220;inherit&#8220; column_padding_position=&#8220;right&#8220; column_element_direction_desktop=&#8220;default&#8220; column_element_spacing=&#8220;default&#8220; desktop_text_alignment=&#8220;default&#8220; tablet_text_alignment=&#8220;default&#8220; phone_text_alignment=&#8220;default&#8220; background_color_opacity=&#8220;1&#8243; background_hover_color_opacity=&#8220;1&#8243; column_backdrop_filter=&#8220;none&#8220; column_shadow=&#8220;none&#8220; column_border_radius=&#8220;none&#8220; column_link_target=&#8220;_self&#8220; overflow=&#8220;visible&#8220; advanced_gradient_angle=&#8220;0&#8243; gradient_direction=&#8220;left_to_right&#8220; overlay_strength=&#8220;0.3&#8243; width=&#8220;2\/3&#8243; tablet_width_inherit=&#8220;default&#8220; animation_type=&#8220;default&#8220; bg_image_animation=&#8220;none&#8220; border_type=&#8220;simple&#8220; column_border_width=&#8220;none&#8220; column_border_style=&#8220;solid&#8220; gradient_type=&#8220;default&#8220;][vc_column_text]\n<h2>Investment<\/h2>\n<p>Deine Session und Fotokollektion &#8230;<br \/>\nMit deiner Sessiongeb\u00fchr hast Du Dir die Kreativ Sitzung gesichert, wo wir deinen Shoot, den Stil, deine Outfits und Looks besprechen und planen- bei Business Portraits und Personal Brandings auch die Verwendung und den bestm\u00f6glichen Einsatz deiner Bilder und Kampagnen. Wir treffen uns daf\u00fcr in der Stadt, im Venue wo wir shooten oder auch bei Dir zuhause. Danach hast Du ein Moodboard mit allem zusammengefasst was wichtig ist.<\/p>\n<p>Ein paar Tage sp\u00e4ter ist dein Foto Event. Inklusive ist meine professionelles Haar- und Make-up-Artistin und die Zeit f\u00fcr das Fotoshooting, mein Studio inkl. aller Technik, Hinterg\u00fcnde, Requisiten und nat\u00fcrlich ich mit meinem ganzen K\u00f6nnen und Sein. Du kannst noch Upgrades buchen wie den Zugang zur Garderobe, eine pers\u00f6nliche Outfit-Stylistin oder das All inclusive Paket bei dem Du dich um \u00fcberhaupt gar nichts mehr k\u00fcmmern musst. Du kannst gerne mehrere Outfits an deinem Fotoshooting wechseln, sodass Du deine Bilder f\u00fcr eine Vielzahl von Verwendungszwecken hast!<br \/>\nDu kannst sie f\u00fcr dich, deinen Partner, Geschenke f\u00fcr Familie und Freunde, oder f\u00fcr soziale Medien, Portraits f\u00fcr die Arbeit, Webseite, Kampagnen uvm. verwenden. Einfach weil Du jetzt Fotos von Dir hast, die Du liebst, und es an der Zeit ist, dass Du solch hinrei\u00dfende Kunstwerke hast \u2013 es gibt so viele Gr\u00fcnde daf\u00fcr gute Bilder haben!<\/p>\n<p>Du entscheidest dann bei deiner Reveal Session, welche Fotosammlung Du kaufen m\u00f6chten, wenn Du deine fertig bearbeiteten Fotos Live siehst. Du kaufst nur, was Du liebst. Auch habe ich tolle Kollektionen, Rahmungen und Museums-Kunstwerke mit Dir im Bild.<\/p>\n<p>Jetzt bin ich in Tampa, Florida und fotografiere meine Modelle weltweit.[\/vc_column_text][\/vc_column_inner][vc_column_inner column_padding=&#8220;no-extra-padding&#8220; column_padding_tablet=&#8220;inherit&#8220; column_padding_phone=&#8220;inherit&#8220; column_padding_position=&#8220;all&#8220; column_element_direction_desktop=&#8220;default&#8220; column_element_spacing=&#8220;default&#8220; desktop_text_alignment=&#8220;default&#8220; tablet_text_alignment=&#8220;default&#8220; phone_text_alignment=&#8220;default&#8220; background_color_opacity=&#8220;1&#8243; background_hover_color_opacity=&#8220;1&#8243; column_backdrop_filter=&#8220;none&#8220; column_shadow=&#8220;none&#8220; column_border_radius=&#8220;none&#8220; column_link_target=&#8220;_self&#8220; overflow=&#8220;visible&#8220; gradient_direction=&#8220;left_to_right&#8220; overlay_strength=&#8220;0.3&#8243; width=&#8220;1\/3&#8243; tablet_width_inherit=&#8220;default&#8220; animation_type=&#8220;default&#8220; bg_image_animation=&#8220;none&#8220; border_type=&#8220;simple&#8220; column_border_width=&#8220;none&#8220; column_border_style=&#8220;solid&#8220;][image_with_animation image_url=&#8220;10312&#8243; image_size=&#8220;full&#8220; animation_type=&#8220;entrance&#8220; animation=&#8220;Fade In From Bottom&#8220; animation_easing=&#8220;default&#8220; animation_movement_type=&#8220;transform_y&#8220; hover_animation=&#8220;none&#8220; alignment=&#8220;&#8220; border_radius=&#8220;none&#8220; box_shadow=&#8220;none&#8220; image_loading=&#8220;default&#8220; max_width=&#8220;100%&#8220; max_width_mobile=&#8220;default&#8220;][\/vc_column_inner][\/vc_row_inner][vc_row_inner column_margin=&#8220;default&#8220; column_direction=&#8220;default&#8220; column_direction_tablet=&#8220;default&#8220; column_direction_phone=&#8220;default&#8220; text_align=&#8220;left&#8220; row_position=&#8220;default&#8220; row_position_tablet=&#8220;inherit&#8220; row_position_phone=&#8220;inherit&#8220; overflow=&#8220;visible&#8220; pointer_events=&#8220;all&#8220;][vc_column_inner column_padding=&#8220;padding-6-percent&#8220; column_padding_tablet=&#8220;inherit&#8220; column_padding_phone=&#8220;inherit&#8220; column_padding_position=&#8220;all&#8220; column_element_direction_desktop=&#8220;default&#8220; column_element_spacing=&#8220;default&#8220; desktop_text_alignment=&#8220;default&#8220; tablet_text_alignment=&#8220;default&#8220; phone_text_alignment=&#8220;default&#8220; background_color=&#8220;#b1a36c&#8220; background_color_opacity=&#8220;1&#8243; background_hover_color_opacity=&#8220;1&#8243; column_backdrop_filter=&#8220;none&#8220; column_shadow=&#8220;small_depth&#8220; column_border_radius=&#8220;none&#8220; column_link_target=&#8220;_self&#8220; overflow=&#8220;visible&#8220; gradient_direction=&#8220;left_to_right&#8220; overlay_strength=&#8220;0.3&#8243; width=&#8220;1\/1&#8243; tablet_width_inherit=&#8220;default&#8220; animation_type=&#8220;default&#8220; bg_image_animation=&#8220;none&#8220; border_type=&#8220;simple&#8220; column_border_width=&#8220;none&#8220; column_border_style=&#8220;solid&#8220;][vc_column_text]\n<p style=\"text-align: center;\"><div class=\"wpforms-container wpforms-container-full\" id=\"wpforms-9505\"><form id=\"wpforms-form-9505\" class=\"wpforms-validate wpforms-form\" data-formid=\"9505\" method=\"post\" enctype=\"multipart\/form-data\" action=\"\/de\/wp-json\/wp\/v2\/pages\/9334\" data-token=\"0ee514695439a76564d5083d12da440e\" data-token-time=\"1777905679\"><noscript class=\"wpforms-error-noscript\">Bitte aktiviere JavaScript in deinem Browser, um dieses Formular fertigzustellen.<\/noscript><div class=\"wpforms-field-container\"><div id=\"wpforms-9505-field_2-container\" class=\"wpforms-field wpforms-field-name\" data-field-id=\"2\"><label class=\"wpforms-field-label\" for=\"wpforms-9505-field_2\">Name <span class=\"wpforms-required-label\">*<\/span><\/label><input type=\"text\" id=\"wpforms-9505-field_2\" class=\"wpforms-field-small wpforms-field-required\" name=\"wpforms[fields][2]\" required><\/div><div id=\"wpforms-9505-field_3-container\" class=\"wpforms-field wpforms-field-email\" data-field-id=\"3\"><label class=\"wpforms-field-label\" for=\"wpforms-9505-field_3\">E-mail <span class=\"wpforms-required-label\">*<\/span><\/label><input type=\"email\" id=\"wpforms-9505-field_3\" class=\"wpforms-field-medium wpforms-field-required\" name=\"wpforms[fields][3]\" spellcheck=\"false\" required><\/div><div id=\"wpforms-9505-field_23-container\" class=\"wpforms-field wpforms-field-text\" data-field-id=\"23\"><label class=\"wpforms-field-label\" for=\"wpforms-9505-field_23\">Mobile Number  <span class=\"wpforms-required-label\">*<\/span><\/label><input type=\"text\" id=\"wpforms-9505-field_23\" class=\"wpforms-field-medium wpforms-field-required\" name=\"wpforms[fields][23]\" required><div class=\"wpforms-field-description\">I prefer to discuss everything with you personally on the phone. \nOr use the WhatsApp button in the bottom right corner to chat with me!<\/div><\/div><div id=\"wpforms-9505-field_6-container\" class=\"wpforms-field wpforms-field-radio wpforms-list-inline\" data-field-id=\"6\"><label class=\"wpforms-field-label\">What interests you? <span class=\"wpforms-required-label\">*<\/span><\/label><ul id=\"wpforms-9505-field_6\" class=\"wpforms-field-required\"><li class=\"choice-1 depth-1\"><input type=\"radio\" id=\"wpforms-9505-field_6_1\" name=\"wpforms[fields][6]\" value=\"Glamour &amp; Makeover\" required ><label class=\"wpforms-field-label-inline\" for=\"wpforms-9505-field_6_1\">Glamour &amp; Makeover<\/label><\/li><li class=\"choice-2 depth-1\"><input type=\"radio\" id=\"wpforms-9505-field_6_2\" name=\"wpforms[fields][6]\" value=\"Personal Branding\" required ><label class=\"wpforms-field-label-inline\" for=\"wpforms-9505-field_6_2\">Personal Branding<\/label><\/li><li class=\"choice-3 depth-1\"><input type=\"radio\" id=\"wpforms-9505-field_6_3\" name=\"wpforms[fields][6]\" value=\"Boudoir &amp; Nude\" required ><label class=\"wpforms-field-label-inline\" for=\"wpforms-9505-field_6_3\">Boudoir &amp; Nude<\/label><\/li><li class=\"choice-4 depth-1\"><input type=\"radio\" id=\"wpforms-9505-field_6_4\" name=\"wpforms[fields][6]\" value=\"My own portrait idea\" required ><label class=\"wpforms-field-label-inline\" for=\"wpforms-9505-field_6_4\">My own portrait idea<\/label><\/li><li class=\"choice-5 depth-1\"><input type=\"radio\" id=\"wpforms-9505-field_6_5\" name=\"wpforms[fields][6]\" value=\"Coaching\" required ><label class=\"wpforms-field-label-inline\" for=\"wpforms-9505-field_6_5\">Coaching<\/label><\/li><\/ul><\/div><div id=\"wpforms-9505-field_4-container\" class=\"wpforms-field wpforms-field-text\" data-field-id=\"4\"><label class=\"wpforms-field-label wpforms-label-hide\" for=\"wpforms-9505-field_4\">Wie hast du von mir geh\u00f6rt?<\/label><input type=\"text\" id=\"wpforms-9505-field_4\" class=\"wpforms-field-medium\" name=\"wpforms[fields][4]\" ><\/div><div id=\"wpforms-9505-field_21-container\" class=\"wpforms-field wpforms-field-checkbox\" data-field-id=\"21\"><label class=\"wpforms-field-label\">Privacy policy <span class=\"wpforms-required-label\">*<\/span><\/label><ul id=\"wpforms-9505-field_21\" class=\"wpforms-field-required\"><li class=\"choice-1 depth-1\"><input type=\"checkbox\" id=\"wpforms-9505-field_21_1\" name=\"wpforms[fields][21][]\" value=\"By submitting this form, I agree that my data will be stored for the purpose of contacting me. Further information can be found in the privacy policy.**\" required ><label class=\"wpforms-field-label-inline\" for=\"wpforms-9505-field_21_1\">By submitting this form, I agree that my data will be stored for the purpose of contacting me. Further information can be found in the privacy policy.**<\/label><\/li><li class=\"choice-2 depth-1\"><input type=\"checkbox\" id=\"wpforms-9505-field_21_2\" name=\"wpforms[fields][21][]\" value=\"Secure eternal youth, wealth, and sex appeal, or simply access &quot;My Lounge&quot; for news, promotions, tips, and tricks for a better life! I look forward to seeing you there.\" required ><label class=\"wpforms-field-label-inline\" for=\"wpforms-9505-field_21_2\">Secure eternal youth, wealth, and sex appeal, or simply access \"My Lounge\" for news, promotions, tips, and tricks for a better life! I look forward to seeing you there.<\/label><\/li><\/ul><\/div><\/div><!-- .wpforms-field-container --><div class=\"wpforms-submit-container\" ><input type=\"hidden\" name=\"wpforms[id]\" value=\"9505\"><input type=\"hidden\" name=\"page_title\" value=\"\"><input type=\"hidden\" name=\"page_url\" value=\"https:\/\/oliverlozano.com\/de\/wp-json\/wp\/v2\/pages\/9334\"><input type=\"hidden\" name=\"url_referer\" value=\"\"><button type=\"submit\" name=\"wpforms[submit]\" id=\"wpforms-submit-9505\" class=\"wpforms-submit\" data-alt-text=\"Send...\" data-submit-text=\"Send\" aria-live=\"assertive\" value=\"wpforms-submit\">Send<\/button><\/div><\/form><\/div>  <!-- .wpforms-container -->\n[\/vc_column_text][\/vc_column_inner][\/vc_row_inner][nectar_btn size=&#8220;large&#8220; button_style=&#8220;regular&#8220; button_color_2=&#8220;Accent-Color&#8220; icon_family=&#8220;none&#8220; url=&#8220;https:\/\/oliverlozano.com\/dateschutzerklaerung\/&#8220; text=&#8220;**Datenschutzerkl\u00e4rung ansehen&#8220; css_animation=&#8220;fadeInUp&#8220;][\/vc_column][\/vc_row][vc_row type=&#8220;in_container&#8220; full_screen_row_position=&#8220;middle&#8220; column_margin=&#8220;default&#8220; column_direction=&#8220;default&#8220; column_direction_tablet=&#8220;default&#8220; column_direction_phone=&#8220;default&#8220; scene_position=&#8220;center&#8220; text_color=&#8220;dark&#8220; text_align=&#8220;left&#8220; row_border_radius=&#8220;none&#8220; row_border_radius_applies=&#8220;bg&#8220; overflow=&#8220;visible&#8220; disable_element=&#8220;yes&#8220; overlay_strength=&#8220;0.3&#8243; gradient_direction=&#8220;left_to_right&#8220; shape_divider_position=&#8220;bottom&#8220; bg_image_animation=&#8220;none&#8220; shape_type=&#8220;&#8220;][vc_column column_padding=&#8220;no-extra-padding&#8220; column_padding_tablet=&#8220;inherit&#8220; column_padding_phone=&#8220;inherit&#8220; column_padding_position=&#8220;all&#8220; column_element_direction_desktop=&#8220;default&#8220; column_element_spacing=&#8220;default&#8220; desktop_text_alignment=&#8220;default&#8220; tablet_text_alignment=&#8220;default&#8220; phone_text_alignment=&#8220;default&#8220; background_color_opacity=&#8220;1&#8243; background_hover_color_opacity=&#8220;1&#8243; column_backdrop_filter=&#8220;none&#8220; column_shadow=&#8220;none&#8220; column_border_radius=&#8220;none&#8220; column_link_target=&#8220;_self&#8220; column_position=&#8220;default&#8220; gradient_direction=&#8220;left_to_right&#8220; overlay_strength=&#8220;0.3&#8243; width=&#8220;1\/1&#8243; tablet_width_inherit=&#8220;default&#8220; animation_type=&#8220;default&#8220; bg_image_animation=&#8220;none&#8220; border_type=&#8220;simple&#8220; column_border_width=&#8220;none&#8220; column_border_style=&#8220;solid&#8220;][nectar_gmap map_type=&#8220;leaflet&#8220; zoom=&#8220;17&#8243; marker_style=&#8220;nectar&#8220; color=&#8220;accent-color&#8220; leaflet_map_greyscale=&#8220;1&#8243; size=&#8220;645&#8243; map_center_lat=&#8220;48.77325937574254&#8243; map_center_lng=&#8220;9.17505947350542&#8243; map_markers=&#8220;48.77325937574254|9.17505947350542&#8243;][\/vc_column][\/vc_row]\n","protected":false},"excerpt":{"rendered":"<p>[vc_row type=&#8220;in_container&#8220; full_screen_row_position=&#8220;middle&#8220; column_margin=&#8220;default&#8220; column_direction=&#8220;default&#8220; column_direction_tablet=&#8220;default&#8220; column_direction_phone=&#8220;default&#8220; scene_position=&#8220;center&#8220; top_padding=&#8220;13%&#8220; text_color=&#8220;dark&#8220; text_align=&#8220;left&#8220; row_border_radius=&#8220;none&#8220; row_border_radius_applies=&#8220;bg&#8220; overflow=&#8220;visible&#8220; overlay_strength=&#8220;0.3&#8243; gradient_direction=&#8220;left_to_right&#8220; shape_divider_position=&#8220;bottom&#8220; bg_image_animation=&#8220;none&#8220; shape_type=&#8220;&#8220; gradient_type=&#8220;default&#8220;][vc_column column_padding=&#8220;no-extra-padding&#8220; column_padding_tablet=&#8220;inherit&#8220; column_padding_phone=&#8220;inherit&#8220; column_padding_position=&#8220;all&#8220; column_element_direction_desktop=&#8220;default&#8220; column_element_spacing=&#8220;default&#8220; centered_text=&#8220;true&#8220; desktop_text_alignment=&#8220;default&#8220; tablet_text_alignment=&#8220;default&#8220; phone_text_alignment=&#8220;default&#8220;&#8230;<\/p>\n","protected":false},"author":1,"featured_media":0,"parent":0,"menu_order":0,"comment_status":"closed","ping_status":"closed","template":"","meta":{"footnotes":""},"class_list":["post-9334","page","type-page","status-publish"],"_links":{"self":[{"href":"https:\/\/oliverlozano.com\/de\/wp-json\/wp\/v2\/pages\/9334","targetHints":{"allow":["GET"]}}],"collection":[{"href":"https:\/\/oliverlozano.com\/de\/wp-json\/wp\/v2\/pages"}],"about":[{"href":"https:\/\/oliverlozano.com\/de\/wp-json\/wp\/v2\/types\/page"}],"author":[{"embeddable":true,"href":"https:\/\/oliverlozano.com\/de\/wp-json\/wp\/v2\/users\/1"}],"replies":[{"embeddable":true,"href":"https:\/\/oliverlozano.com\/de\/wp-json\/wp\/v2\/comments?post=9334"}],"version-history":[{"count":91,"href":"https:\/\/oliverlozano.com\/de\/wp-json\/wp\/v2\/pages\/9334\/revisions"}],"predecessor-version":[{"id":12364,"href":"https:\/\/oliverlozano.com\/de\/wp-json\/wp\/v2\/pages\/9334\/revisions\/12364"}],"wp:attachment":[{"href":"https:\/\/oliverlozano.com\/de\/wp-json\/wp\/v2\/media?parent=9334"}],"curies":[{"name":"wp","href":"https:\/\/api.w.org\/{rel}","templated":true}]}}