{"id":8826,"date":"2018-05-25T14:42:13","date_gmt":"2018-05-25T14:42:13","guid":{"rendered":"https:\/\/oliverlozano.com\/?page_id=8826"},"modified":"2022-08-31T11:29:03","modified_gmt":"2022-08-31T11:29:03","slug":"dateschutzerklaerung","status":"publish","type":"page","link":"https:\/\/oliverlozano.com\/de\/dateschutzerklaerung\/","title":{"rendered":"Datenschutzerkl\u00e4rung"},"content":{"rendered":"[vc_row type=&#8220;in_container&#8220; full_screen_row_position=&#8220;middle&#8220; column_margin=&#8220;default&#8220; column_direction=&#8220;default&#8220; column_direction_tablet=&#8220;default&#8220; column_direction_phone=&#8220;default&#8220; scene_position=&#8220;center&#8220; top_padding=&#8220;13%&#8220; text_color=&#8220;dark&#8220; text_align=&#8220;left&#8220; row_border_radius=&#8220;none&#8220; row_border_radius_applies=&#8220;bg&#8220; overflow=&#8220;visible&#8220; overlay_strength=&#8220;0.3&#8243; gradient_direction=&#8220;left_to_right&#8220; shape_divider_position=&#8220;bottom&#8220; bg_image_animation=&#8220;none&#8220; shape_type=&#8220;&#8220; gradient_type=&#8220;default&#8220;][vc_column column_padding=&#8220;no-extra-padding&#8220; column_padding_tablet=&#8220;inherit&#8220; column_padding_phone=&#8220;inherit&#8220; column_padding_position=&#8220;all&#8220; column_element_direction_desktop=&#8220;default&#8220; column_element_spacing=&#8220;default&#8220; centered_text=&#8220;true&#8220; desktop_text_alignment=&#8220;default&#8220; tablet_text_alignment=&#8220;default&#8220; phone_text_alignment=&#8220;default&#8220; background_color_opacity=&#8220;1&#8243; background_hover_color_opacity=&#8220;1&#8243; column_backdrop_filter=&#8220;none&#8220; column_shadow=&#8220;none&#8220; column_border_radius=&#8220;none&#8220; column_link_target=&#8220;_self&#8220; column_position=&#8220;default&#8220; gradient_direction=&#8220;left_to_right&#8220; overlay_strength=&#8220;0.3&#8243; width=&#8220;1\/1&#8243; tablet_width_inherit=&#8220;default&#8220; animation_type=&#8220;default&#8220; bg_image_animation=&#8220;none&#8220; border_type=&#8220;simple&#8220; column_border_width=&#8220;none&#8220; column_border_style=&#8220;solid&#8220;][vc_column_text css_animation=&#8220;fadeInUp&#8220;]\n<h1>Datenschutz-<br \/>\nerkl\u00e4rung<\/h1>\n[\/vc_column_text][divider line_type=&#8220;Small Line&#8220; line_alignment=&#8220;center&#8220; line_thickness=&#8220;5&#8243; divider_color=&#8220;extra-color-1&#8243; animate=&#8220;yes&#8220; custom_height=&#8220;10%&#8220; custom_line_width=&#8220;50&#8243;][\/vc_column][\/vc_row][vc_row type=&#8220;in_container&#8220; full_screen_row_position=&#8220;middle&#8220; column_margin=&#8220;default&#8220; column_direction=&#8220;default&#8220; column_direction_tablet=&#8220;default&#8220; column_direction_phone=&#8220;default&#8220; scene_position=&#8220;center&#8220; text_color=&#8220;dark&#8220; text_align=&#8220;left&#8220; row_border_radius=&#8220;none&#8220; row_border_radius_applies=&#8220;bg&#8220; overflow=&#8220;visible&#8220; overlay_strength=&#8220;0.3&#8243; gradient_direction=&#8220;left_to_right&#8220; shape_divider_position=&#8220;bottom&#8220; bg_image_animation=&#8220;none&#8220;][vc_column column_padding=&#8220;no-extra-padding&#8220; column_padding_tablet=&#8220;inherit&#8220; column_padding_phone=&#8220;inherit&#8220; column_padding_position=&#8220;all&#8220; column_element_direction_desktop=&#8220;default&#8220; column_element_spacing=&#8220;default&#8220; desktop_text_alignment=&#8220;default&#8220; tablet_text_alignment=&#8220;default&#8220; phone_text_alignment=&#8220;default&#8220; background_color_opacity=&#8220;1&#8243; background_hover_color_opacity=&#8220;1&#8243; column_backdrop_filter=&#8220;none&#8220; column_shadow=&#8220;none&#8220; column_border_radius=&#8220;none&#8220; column_link_target=&#8220;_self&#8220; column_position=&#8220;default&#8220; gradient_direction=&#8220;left_to_right&#8220; overlay_strength=&#8220;0.3&#8243; width=&#8220;1\/1&#8243; tablet_width_inherit=&#8220;default&#8220; animation_type=&#8220;default&#8220; bg_image_animation=&#8220;none&#8220; border_type=&#8220;simple&#8220; column_border_width=&#8220;none&#8220; column_border_style=&#8220;solid&#8220;][vc_column_text]\n<div class=\"frame frame-default frame-type-header frame-layout-0\">\n<header>\n<h4><span style=\"font-size: 16px;\">Der Schutz Ihrer Daten ist unser Anliegen<\/span><\/h4>\n<\/header>\n<\/div>\n<div class=\"frame frame-default frame-type-text frame-layout-0\">\n<p class=\"bodytext\">Wir freuen uns \u00fcber Ihr Interesse an unserem Unternehmen und unseren Produkten bzw. Dienstleistungen und m\u00f6chten, dass Sie sich beim Besuch unserer Internetseiten auch hinsichtlich des Schutzes Ihrer personenbezogenen Daten sicher f\u00fchlen. Denn wir nehmen den Schutz Ihrer personenbezogenen Daten sehr ernst. Die Beachtung der Bestimmungen der Datenschutzgrundverordnung (DSGVO) ist f\u00fcr uns eine Selbstverst\u00e4ndlichkeit.<\/p>\n<p class=\"bodytext\">Wir m\u00f6chten, dass Sie wissen, wann wir welche Daten erheben und wie wir sie verwenden. Wir haben technische und organisatorische Ma\u00dfnahmen getroffen, die sicherstellen, dass die Vorschriften \u00fcber den Datenschutz sowohl von uns als auch von uns beauftragten externen Dienstleistern beachtet werden.<\/p>\n<\/div>\n<div class=\"spacer solid\"><\/div>\n<div class=\"frame frame-default frame-type-text frame-layout-0\">\n<header>\n<h4 class=\"\">Personenbezogene Daten<\/h4>\n<\/header>\n<p class=\"bodytext\">Personenbezogene Daten sind Informationen zu Ihrer Identit\u00e4t. Hierunter fallen z.B. Angaben wie Name, Adresse, Telefonnummer, E-Mail-Adresse. F\u00fcr die Nutzung unserer Internetseite ist es nicht erforderlich, dass Sie personenbezogene Daten preisgeben. In bestimmten F\u00e4llen ben\u00f6tigen wir jedoch Ihren Namen und Ihre Adresse sowie weitere Angaben, damit wir die gew\u00fcnschten Dienstleistungen erbringen k\u00f6nnen.<\/p>\n<p class=\"bodytext\">Gleiches gilt beispielsweise f\u00fcr die Zusendung von Informationsmaterial und bestellten Waren oder f\u00fcr die Beantwortung individueller Fragen. Wo dies erforderlich ist, weisen wir Sie entsprechend darauf hin. Dar\u00fcber hinaus speichern und verarbeiten wir nur Daten, die Sie uns freiwillig zur Verf\u00fcgung stellen und ggf. Daten, die wir automatisch beim Besuch unserer Internetseiten erheben (siehe Abschnitt \u201eDaten, die automatisch beim Besuch unserer Internetseiten erfasst werden\u201c).<\/p>\n<p class=\"bodytext\">Sofern Sie Service-Leistungen in Anspruch nehmen, werden in der Regel nur solche Daten erhoben, die wir zur Erbringung der Leistungen ben\u00f6tigen. Soweit wir Sie um weitergehende Daten bitten, handelt es sich um freiwillige Informationen. Die Verarbeitung personenbezogener Daten erfolgt ausschlie\u00dflich zur Erf\u00fcllung des nachgefragten Service und zur Wahrung eigener berechtigter Gesch\u00e4ftsinteressen.<\/p>\n<\/div>\n<div class=\"spacer solid\"><\/div>\n<div class=\"frame frame-default frame-type-text frame-layout-0\">\n<header>\n<h4 class=\"\">Zweckbestimmung der personenbezogenen Daten<\/h4>\n<\/header>\n<p class=\"bodytext\">Die von Ihnen zur Verf\u00fcgung gestellten personenbezogenen Daten verwenden wir im Allgemeinen, um Ihre Anfragen zu beantworten, Ihre Auftr\u00e4ge zu bearbeiten oder Ihnen Zugang zu bestimmten Informationen oder Angeboten zu verschaffen. Zur Pflege der Kundenbeziehungen kann es au\u00dferdem erforderlich sein, dass wir oder ein von uns beauftragtes Dienstleistungsunternehmen diese personenbezogenen Daten verwenden, um Sie \u00fcber Produktangebote zu informieren oder um Online-Umfragen durchzuf\u00fchren, um den Aufgaben und Anforderungen unserer Kunden besser gerecht zu werden.<\/p>\n<p class=\"bodytext\">Selbstverst\u00e4ndlich respektieren wir es, wenn Sie uns Ihre personenbezogenen Daten nicht zur Unterst\u00fctzung unserer Kundenbeziehung (insbesondere f\u00fcr Direktmarketing oder zu Marktforschungszwecken) \u00fcberlassen wollen. Wir werden Ihre personenbezogenen Daten weder an Dritte verkaufen noch anderweitig vermarkten.<\/p>\n<p class=\"bodytext\">Dar\u00fcber hinaus werden keine personenbezogenen Daten an Staaten au\u00dferhalb der EU bzw. des EWR weitergegeben.<\/p>\n<\/div>\n<div class=\"spacer solid\"><\/div>\n<div class=\"frame frame-default frame-type-text frame-layout-0\">\n<header>\n<h4 class=\"\">Zweckgebundene Verwendung<\/h4>\n<\/header>\n<p class=\"bodytext\">Wir werden die von Ihnen online zur Verf\u00fcgung gestellten personenbezogenen Daten nur f\u00fcr die Ihnen mitgeteilten Zwecke erheben, verarbeiten und nutzen Eine Weitergabe Ihrer personenbezogenen Daten an Dritte erfolgt nicht ohne Ihre ausdr\u00fcckliche Einwilligung.<\/p>\n<p class=\"bodytext\">Erhebungen von personenbezogenen Daten sowie deren \u00dcbermittlung an Auskunftsberechtigte staatliche Institutionen und Beh\u00f6rden erfolgen nur im Rahmen der einschl\u00e4gigen Gesetze bzw. sofern wir durch eine gerichtliche Entscheidung dazu verpflichtet sind. Unsere Mitarbeiter und die von uns beauftragten Dienstleistungsunternehmen sind von uns zur Verschwiegenheit und zur Einhaltung der Bestimmungen der\u00a0 Datenschutzgrundverordnung (DSGVO) verpflichtet.<\/p>\n<\/div>\n<div class=\"spacer solid\"><\/div>\n<div class=\"frame frame-default frame-type-text frame-layout-0\">\n<header>\n<h4 class=\"\">Daten, die automatisch beim Besuch unserer Internetseiten erfasst werden<\/h4>\n<\/header>\n<p class=\"bodytext\">Bei der Nutzung unserer Internetseiten werden aus organisatorischen und technischen Gr\u00fcnden folgende Daten gespeichert: die Namen der von Ihnen aufgerufenen Seiten, des von Ihnen verwendeten Browsers und Ihres Betriebssystems, Datum und Uhrzeit des Zugangs, verwendete Suchmaschinen, Namen herunter geladener Dateien und ihre IP-Adresse.<\/p>\n<p class=\"bodytext\">Wir werten diese technischen Daten anonym und lediglich zu statistischen Zwecken aus, um unseren Internetauftritt st\u00e4ndig weiter optimieren und unsere Internetangebote noch attraktiver gestalten zu k\u00f6nnen. Diese Daten werden getrennt von anderen personenbezogenen Informationen auf gesicherten Systemen gespeichert. R\u00fcckschl\u00fcsse auf einzelne Person werden nicht gezogen.<\/p>\n<\/div>\n<div class=\"spacer solid\"><\/div>\n<div class=\"frame frame-default frame-type-text frame-layout-0\">\n<header>\n<h4 class=\"\">Cookies<\/h4>\n<\/header>\n<p class=\"bodytext\">Wenn Sie eine unserer Websites besuchen, kann es sein, dass wir Informationen in Form eines Cookies auf Ihrem Computer ablegen. Cookies sind kleine Text-Dateien, die von einem Webserver an Ihren Browser gesendet und auf die Festplatte Ihres Computers gespeichert werden.<\/p>\n<p class=\"bodytext\">Dabei werden au\u00dfer der Internetprotokoll\u2013Adresse keinerlei pers\u00f6nliche Daten des Nutzers gespeichert. Diese Informationen dienen dazu, Sie bei Ihrem n\u00e4chsten Besuch auf unseren Websites automatisch wiederzuerkennen und Ihnen die Navigation zu erleichtern. Cookies erlauben es uns beispielsweise, eine Website Ihren Interessen anzupassen oder Ihr Kennwort zu speichern, damit Sie es nicht jedes Mal neu eingeben m\u00fcssen.<\/p>\n<p class=\"bodytext\">Selbstverst\u00e4ndlich k\u00f6nnen Sie unsere Websites auch ohne Cookies betrachten. Wenn Sie nicht m\u00f6chten, dass wir Ihren Computer wiedererkennen, k\u00f6nnen Sie das Speichern von Cookies auf Ihrer Festplatte verhindern, indem Sie in Ihren Browser-Einstellungen &#8222;keine Cookies akzeptieren&#8220; w\u00e4hlen. Wie das im Einzelnen funktioniert, entnehmen Sie bitte der Anleitung Ihres Browser-Herstellers. Wenn Sie keine Cookies akzeptieren, kann dieses aber zu Funktionseinschr\u00e4nkungen unserer Angebote f\u00fchren.<\/p>\n<\/div>\n<div class=\"frame frame-default frame-type-text frame-layout-0\"><\/div>\n<div class=\"spacer solid\"><\/div>\n<div class=\"frame frame-default frame-type-text frame-layout-0\">\n<header>\n<h4 class=\"\">Kontaktaufnahme<\/h4>\n<\/header>\n<p class=\"bodytext\">Bei der Kontaktaufnahme mit unserem Unternehmen (zum Beispiel per Kontaktformular oder E-Mail) werden die Angaben des Nutzers zwecks Bearbeitung der Anfrage sowie f\u00fcr den Fall, dass Anschlussfragen entstehen, gespeichert.<\/p>\n<\/div>\n<div class=\"spacer solid\"><\/div>\n<div class=\"frame frame-default frame-type-text frame-layout-0\">\n<header>\n<h4 class=\"\">Google Analytics<\/h4>\n<\/header>\n<p class=\"bodytext\">Wir verwenden Google Analytics, einen Webanalysedienst der Google Inc. (\u201eGoogle\u201c). Google Analytics verwendet Cookies. Die durch den Cookie erzeugten Informationen \u00fcber Ihre Benutzung dieser Website (einschlie\u00dflich Ihrer IP-Adresse) wird an einen Server von Google in den USA \u00fcbertragen und dort gespeichert. Google wird diese Informationen benutzen, um Ihre Nutzung der Website auszuwerten, um Reports \u00fcber die Websiteaktivit\u00e4ten f\u00fcr die Websitebetreiber zusammenzustellen und um weitere mit der Websitenutzung und der Internetnutzung verbundene Dienstleistungen zu erbringen. Auch wird Google diese Informationen gegebenenfalls an Dritte \u00fcbertragen, sofern dies gesetzlich vorgeschrieben oder soweit Dritte diese Daten im Auftrag von Google verarbeiten. Google wird in keinem Fall Ihre IP-Adresse mit anderen Daten von Google in Verbindung bringen. Sie k\u00f6nnen die Installation der Cookies durch eine entsprechende Einstellung Ihrer Browser Software verhindern; wir weisen Sie jedoch darauf hin, dass Sie in diesem Fall gegebenenfalls nicht s\u00e4mtliche Funktionen dieser Website vollumf\u00e4nglich nutzen k\u00f6nnen. Durch die Nutzung dieser Website erkl\u00e4ren Sie sich mit der Bearbeitung der \u00fcber Sie erhobenen Daten durch Google in der zuvor beschriebenen Art und Weise und zu dem zuvor benannten Zweck einverstanden. Der Datenerhebung und -speicherung kann jederzeit mit Wirkung f\u00fcr die Zukunft widersprochen\u00a0<a title=\"tools.google.com\/dlpage\/gaoptout\" href=\"http:\/\/tools.google.com\/dlpage\/gaoptout\" target=\"_blank\" rel=\"noopener noreferrer\">tools.google.com\/dlpage\/gaoptout<\/a>\u00a0werden. Angesichts der Diskussion um den Einsatz von Analysetools mit vollst\u00e4ndigen IP-Adressen m\u00f6chten wir darauf hinweisen, dass diese Website Google Analytics mit der Erweiterung \u201e_anonymizeIp()\u201c verwendet und daher IP-Adressen nur gek\u00fcrzt weiterverarbeitet werden, um eine direkte Personenbeziehbarkeit auszuschlie\u00dfen.<\/p>\n<\/div>\n<div class=\"spacer solid\"><\/div>\n<div class=\"frame frame-default frame-type-text frame-layout-0\">\n<header>\n<h4 class=\"\">Sicherheit<\/h4>\n<\/header>\n<p class=\"bodytext\">Wir haben technische und organisatorische Sicherheitsma\u00dfnahmen getroffen, um Ihre personenbezogenen Daten vor Verlust, Zerst\u00f6rung, Manipulation und unberechtigtem Zugriff zu sch\u00fctzen.<\/p>\n<p class=\"bodytext\">Alle unserer Mitarbeiter und alle an der Datenverarbeitung beteiligten Personen sind zur Einhaltung der Datenschutzgrundverordnung (DSGVO) und anderer datenschutzrelevanter Gesetze und den vertraulichen Umgang mit personenbezogenen Daten verpflichtet.<\/p>\n<p class=\"bodytext\">Unsere Sicherungsma\u00dfnahmen werden entsprechend der technologischen Entwicklung fortlaufend \u00fcberarbeitet.<\/p>\n<\/div>\n<div class=\"spacer solid\"><\/div>\n<div class=\"frame frame-default frame-type-text frame-layout-0\">\n<header>\n<h4 class=\"\">\u00c4nderung unserer Datenschutzbestimmungen<\/h4>\n<\/header>\n<p class=\"bodytext\">Wir behalten uns das Recht vor, unsere Sicherheits- und Datenschutzma\u00dfnahmen zu ver\u00e4ndern, soweit dies wegen der technischen Entwicklung erforderlich wird. In diesen F\u00e4llen werden wir auch unsere Hinweise zum Datenschutz entsprechend anpassen. Bitte beachten Sie daher die jeweils aktuelle Version unserer Datenschutzerkl\u00e4rung.<\/p>\n<\/div>\n<div class=\"spacer solid\"><\/div>\n<div class=\"frame frame-default frame-type-text frame-layout-0\">\n<header>\n<h4 class=\"\">Links<\/h4>\n<\/header>\n<p class=\"bodytext\">Sofern Sie externe Links nutzen, die im Rahmen unserer Internetseiten angeboten werden, erstreckt sich diese Datenschutzerkl\u00e4rung nicht auf diese Links. Insofern wir Links anbieten, versichern wir, dass zum Zeitpunkt der Link-Setzung keine Verst\u00f6\u00dfe gegen geltendes Recht auf den verlinkten Internetseiten erkennbar waren. Wir haben jedoch keinen Einfluss auf die Einhaltung der Datenschutz- und Sicherheitsbestimmungen durch andere Anbieter. Informieren Sie sich deshalb bitte auf den Internetseiten der anderen Anbieter auch \u00fcber die dort bereitgestellten Datenschutzerkl\u00e4rungen.<\/p>\n<\/div>\n<div class=\"spacer solid\"><\/div>\n<div class=\"frame frame-default frame-type-text frame-layout-0\">\n<header>\n<h4 class=\"\">Datenschutzrechte<\/h4>\n<\/header>\n<p>Sie k\u00f6nnen jederzeit Auskunft \u00fcber die von uns \u00fcber Sie gespeicherten Daten bekommen (Recht auf Auskunft).<br \/>\nDes Weiteren haben Sie das Recht auf Berichtigung, das Recht auf L\u00f6schung\/Vergessenwerden, das Recht auf Einschr\u00e4nkung der Verarbeitung, das Recht auf Daten\u00fcbertragbarkeit sowie das Recht auf Beschwerde bei einer Aufsichtsbeh\u00f6rde.<\/p>\n<\/div>\n[\/vc_column_text][\/vc_column][\/vc_row]\n","protected":false},"excerpt":{"rendered":"<p>[vc_row type=&#8220;in_container&#8220; full_screen_row_position=&#8220;middle&#8220; column_margin=&#8220;default&#8220; column_direction=&#8220;default&#8220; column_direction_tablet=&#8220;default&#8220; column_direction_phone=&#8220;default&#8220; scene_position=&#8220;center&#8220; top_padding=&#8220;13%&#8220; text_color=&#8220;dark&#8220; text_align=&#8220;left&#8220; row_border_radius=&#8220;none&#8220; row_border_radius_applies=&#8220;bg&#8220; overflow=&#8220;visible&#8220; overlay_strength=&#8220;0.3&#8243; gradient_direction=&#8220;left_to_right&#8220; shape_divider_position=&#8220;bottom&#8220; bg_image_animation=&#8220;none&#8220; shape_type=&#8220;&#8220; gradient_type=&#8220;default&#8220;][vc_column column_padding=&#8220;no-extra-padding&#8220; column_padding_tablet=&#8220;inherit&#8220; column_padding_phone=&#8220;inherit&#8220; column_padding_position=&#8220;all&#8220; column_element_direction_desktop=&#8220;default&#8220; column_element_spacing=&#8220;default&#8220; centered_text=&#8220;true&#8220; desktop_text_alignment=&#8220;default&#8220; tablet_text_alignment=&#8220;default&#8220; phone_text_alignment=&#8220;default&#8220;&#8230;<\/p>\n","protected":false},"author":1,"featured_media":0,"parent":0,"menu_order":0,"comment_status":"closed","ping_status":"closed","template":"","meta":{"footnotes":""},"class_list":["post-8826","page","type-page","status-publish"],"_links":{"self":[{"href":"https:\/\/oliverlozano.com\/de\/wp-json\/wp\/v2\/pages\/8826","targetHints":{"allow":["GET"]}}],"collection":[{"href":"https:\/\/oliverlozano.com\/de\/wp-json\/wp\/v2\/pages"}],"about":[{"href":"https:\/\/oliverlozano.com\/de\/wp-json\/wp\/v2\/types\/page"}],"author":[{"embeddable":true,"href":"https:\/\/oliverlozano.com\/de\/wp-json\/wp\/v2\/users\/1"}],"replies":[{"embeddable":true,"href":"https:\/\/oliverlozano.com\/de\/wp-json\/wp\/v2\/comments?post=8826"}],"version-history":[{"count":7,"href":"https:\/\/oliverlozano.com\/de\/wp-json\/wp\/v2\/pages\/8826\/revisions"}],"predecessor-version":[{"id":10804,"href":"https:\/\/oliverlozano.com\/de\/wp-json\/wp\/v2\/pages\/8826\/revisions\/10804"}],"wp:attachment":[{"href":"https:\/\/oliverlozano.com\/de\/wp-json\/wp\/v2\/media?parent=8826"}],"curies":[{"name":"wp","href":"https:\/\/api.w.org\/{rel}","templated":true}]}}